{"id":15,"date":"2025-12-27T15:53:36","date_gmt":"2025-12-27T14:53:36","guid":{"rendered":"http:\/\/judithclaudin.com\/?page_id=15"},"modified":"2025-12-28T20:45:53","modified_gmt":"2025-12-28T19:45:53","slug":"portfolio","status":"publish","type":"page","link":"https:\/\/judithclaudin.com\/?page_id=15","title":{"rendered":"Portfolio"},"content":{"rendered":"\t\t<div data-elementor-type=\"wp-page\" data-elementor-id=\"15\" class=\"elementor elementor-15\">\n\t\t\t\t<div class=\"elementor-element elementor-element-9dcb5ad e-flex e-con-boxed e-con e-parent\" data-id=\"9dcb5ad\" data-element_type=\"container\" data-settings=\"{&quot;background_background&quot;:&quot;classic&quot;}\">\n\t\t\t\t\t<div class=\"e-con-inner\">\n\t\t\t\t<div class=\"elementor-element elementor-element-e1497ad hfe-nav-menu__align-center hfe-submenu-icon-arrow hfe-submenu-animation-none hfe-link-redirect-child hfe-nav-menu__breakpoint-tablet elementor-widget elementor-widget-navigation-menu\" data-id=\"e1497ad\" data-element_type=\"widget\" data-settings=\"{&quot;padding_horizontal_menu_item&quot;:{&quot;unit&quot;:&quot;px&quot;,&quot;size&quot;:15,&quot;sizes&quot;:[]},&quot;padding_horizontal_menu_item_tablet&quot;:{&quot;unit&quot;:&quot;px&quot;,&quot;size&quot;:&quot;&quot;,&quot;sizes&quot;:[]},&quot;padding_horizontal_menu_item_mobile&quot;:{&quot;unit&quot;:&quot;px&quot;,&quot;size&quot;:&quot;&quot;,&quot;sizes&quot;:[]},&quot;padding_vertical_menu_item&quot;:{&quot;unit&quot;:&quot;px&quot;,&quot;size&quot;:15,&quot;sizes&quot;:[]},&quot;padding_vertical_menu_item_tablet&quot;:{&quot;unit&quot;:&quot;px&quot;,&quot;size&quot;:&quot;&quot;,&quot;sizes&quot;:[]},&quot;padding_vertical_menu_item_mobile&quot;:{&quot;unit&quot;:&quot;px&quot;,&quot;size&quot;:&quot;&quot;,&quot;sizes&quot;:[]},&quot;menu_space_between&quot;:{&quot;unit&quot;:&quot;px&quot;,&quot;size&quot;:&quot;&quot;,&quot;sizes&quot;:[]},&quot;menu_space_between_tablet&quot;:{&quot;unit&quot;:&quot;px&quot;,&quot;size&quot;:&quot;&quot;,&quot;sizes&quot;:[]},&quot;menu_space_between_mobile&quot;:{&quot;unit&quot;:&quot;px&quot;,&quot;size&quot;:&quot;&quot;,&quot;sizes&quot;:[]},&quot;menu_row_space&quot;:{&quot;unit&quot;:&quot;px&quot;,&quot;size&quot;:&quot;&quot;,&quot;sizes&quot;:[]},&quot;menu_row_space_tablet&quot;:{&quot;unit&quot;:&quot;px&quot;,&quot;size&quot;:&quot;&quot;,&quot;sizes&quot;:[]},&quot;menu_row_space_mobile&quot;:{&quot;unit&quot;:&quot;px&quot;,&quot;size&quot;:&quot;&quot;,&quot;sizes&quot;:[]},&quot;dropdown_border_radius&quot;:{&quot;unit&quot;:&quot;px&quot;,&quot;top&quot;:&quot;&quot;,&quot;right&quot;:&quot;&quot;,&quot;bottom&quot;:&quot;&quot;,&quot;left&quot;:&quot;&quot;,&quot;isLinked&quot;:true},&quot;dropdown_border_radius_tablet&quot;:{&quot;unit&quot;:&quot;px&quot;,&quot;top&quot;:&quot;&quot;,&quot;right&quot;:&quot;&quot;,&quot;bottom&quot;:&quot;&quot;,&quot;left&quot;:&quot;&quot;,&quot;isLinked&quot;:true},&quot;dropdown_border_radius_mobile&quot;:{&quot;unit&quot;:&quot;px&quot;,&quot;top&quot;:&quot;&quot;,&quot;right&quot;:&quot;&quot;,&quot;bottom&quot;:&quot;&quot;,&quot;left&quot;:&quot;&quot;,&quot;isLinked&quot;:true},&quot;width_dropdown_item&quot;:{&quot;unit&quot;:&quot;px&quot;,&quot;size&quot;:&quot;220&quot;,&quot;sizes&quot;:[]},&quot;width_dropdown_item_tablet&quot;:{&quot;unit&quot;:&quot;px&quot;,&quot;size&quot;:&quot;&quot;,&quot;sizes&quot;:[]},&quot;width_dropdown_item_mobile&quot;:{&quot;unit&quot;:&quot;px&quot;,&quot;size&quot;:&quot;&quot;,&quot;sizes&quot;:[]},&quot;padding_horizontal_dropdown_item&quot;:{&quot;unit&quot;:&quot;px&quot;,&quot;size&quot;:&quot;&quot;,&quot;sizes&quot;:[]},&quot;padding_horizontal_dropdown_item_tablet&quot;:{&quot;unit&quot;:&quot;px&quot;,&quot;size&quot;:&quot;&quot;,&quot;sizes&quot;:[]},&quot;padding_horizontal_dropdown_item_mobile&quot;:{&quot;unit&quot;:&quot;px&quot;,&quot;size&quot;:&quot;&quot;,&quot;sizes&quot;:[]},&quot;padding_vertical_dropdown_item&quot;:{&quot;unit&quot;:&quot;px&quot;,&quot;size&quot;:15,&quot;sizes&quot;:[]},&quot;padding_vertical_dropdown_item_tablet&quot;:{&quot;unit&quot;:&quot;px&quot;,&quot;size&quot;:&quot;&quot;,&quot;sizes&quot;:[]},&quot;padding_vertical_dropdown_item_mobile&quot;:{&quot;unit&quot;:&quot;px&quot;,&quot;size&quot;:&quot;&quot;,&quot;sizes&quot;:[]},&quot;distance_from_menu&quot;:{&quot;unit&quot;:&quot;px&quot;,&quot;size&quot;:&quot;&quot;,&quot;sizes&quot;:[]},&quot;distance_from_menu_tablet&quot;:{&quot;unit&quot;:&quot;px&quot;,&quot;size&quot;:&quot;&quot;,&quot;sizes&quot;:[]},&quot;distance_from_menu_mobile&quot;:{&quot;unit&quot;:&quot;px&quot;,&quot;size&quot;:&quot;&quot;,&quot;sizes&quot;:[]},&quot;toggle_size&quot;:{&quot;unit&quot;:&quot;px&quot;,&quot;size&quot;:&quot;&quot;,&quot;sizes&quot;:[]},&quot;toggle_size_tablet&quot;:{&quot;unit&quot;:&quot;px&quot;,&quot;size&quot;:&quot;&quot;,&quot;sizes&quot;:[]},&quot;toggle_size_mobile&quot;:{&quot;unit&quot;:&quot;px&quot;,&quot;size&quot;:&quot;&quot;,&quot;sizes&quot;:[]},&quot;toggle_border_width&quot;:{&quot;unit&quot;:&quot;px&quot;,&quot;size&quot;:&quot;&quot;,&quot;sizes&quot;:[]},&quot;toggle_border_width_tablet&quot;:{&quot;unit&quot;:&quot;px&quot;,&quot;size&quot;:&quot;&quot;,&quot;sizes&quot;:[]},&quot;toggle_border_width_mobile&quot;:{&quot;unit&quot;:&quot;px&quot;,&quot;size&quot;:&quot;&quot;,&quot;sizes&quot;:[]},&quot;toggle_border_radius&quot;:{&quot;unit&quot;:&quot;px&quot;,&quot;size&quot;:&quot;&quot;,&quot;sizes&quot;:[]},&quot;toggle_border_radius_tablet&quot;:{&quot;unit&quot;:&quot;px&quot;,&quot;size&quot;:&quot;&quot;,&quot;sizes&quot;:[]},&quot;toggle_border_radius_mobile&quot;:{&quot;unit&quot;:&quot;px&quot;,&quot;size&quot;:&quot;&quot;,&quot;sizes&quot;:[]}}\" data-widget_type=\"navigation-menu.default\">\n\t\t\t\t<div class=\"elementor-widget-container\">\n\t\t\t\t\t\t\t\t<div class=\"hfe-nav-menu hfe-layout-horizontal hfe-nav-menu-layout horizontal hfe-pointer__framed hfe-animation__fade\" data-layout=\"horizontal\">\n\t\t\t\t<div role=\"button\" class=\"hfe-nav-menu__toggle elementor-clickable\" tabindex=\"0\" aria-label=\"Menu Toggle\">\n\t\t\t\t\t<span class=\"screen-reader-text\">Menu<\/span>\n\t\t\t\t\t<div class=\"hfe-nav-menu-icon\">\n\t\t\t\t\t\t<svg aria-hidden=\"true\"  class=\"e-font-icon-svg e-fas-align-justify\" viewBox=\"0 0 448 512\" xmlns=\"http:\/\/www.w3.org\/2000\/svg\"><path d=\"M432 416H16a16 16 0 0 0-16 16v32a16 16 0 0 0 16 16h416a16 16 0 0 0 16-16v-32a16 16 0 0 0-16-16zm0-128H16a16 16 0 0 0-16 16v32a16 16 0 0 0 16 16h416a16 16 0 0 0 16-16v-32a16 16 0 0 0-16-16zm0-128H16a16 16 0 0 0-16 16v32a16 16 0 0 0 16 16h416a16 16 0 0 0 16-16v-32a16 16 0 0 0-16-16zm0-128H16A16 16 0 0 0 0 48v32a16 16 0 0 0 16 16h416a16 16 0 0 0 16-16V48a16 16 0 0 0-16-16z\"><\/path><\/svg>\t\t\t\t\t<\/div>\n\t\t\t\t<\/div>\n\t\t\t\t<nav class=\"hfe-nav-menu__layout-horizontal hfe-nav-menu__submenu-arrow\" data-toggle-icon=\"&lt;svg aria-hidden=&quot;true&quot; tabindex=&quot;0&quot; class=&quot;e-font-icon-svg e-fas-align-justify&quot; viewBox=&quot;0 0 448 512&quot; xmlns=&quot;http:\/\/www.w3.org\/2000\/svg&quot;&gt;&lt;path d=&quot;M432 416H16a16 16 0 0 0-16 16v32a16 16 0 0 0 16 16h416a16 16 0 0 0 16-16v-32a16 16 0 0 0-16-16zm0-128H16a16 16 0 0 0-16 16v32a16 16 0 0 0 16 16h416a16 16 0 0 0 16-16v-32a16 16 0 0 0-16-16zm0-128H16a16 16 0 0 0-16 16v32a16 16 0 0 0 16 16h416a16 16 0 0 0 16-16v-32a16 16 0 0 0-16-16zm0-128H16A16 16 0 0 0 0 48v32a16 16 0 0 0 16 16h416a16 16 0 0 0 16-16V48a16 16 0 0 0-16-16z&quot;&gt;&lt;\/path&gt;&lt;\/svg&gt;\" data-close-icon=\"&lt;svg aria-hidden=&quot;true&quot; tabindex=&quot;0&quot; class=&quot;e-font-icon-svg e-far-window-close&quot; viewBox=&quot;0 0 512 512&quot; xmlns=&quot;http:\/\/www.w3.org\/2000\/svg&quot;&gt;&lt;path d=&quot;M464 32H48C21.5 32 0 53.5 0 80v352c0 26.5 21.5 48 48 48h416c26.5 0 48-21.5 48-48V80c0-26.5-21.5-48-48-48zm0 394c0 3.3-2.7 6-6 6H54c-3.3 0-6-2.7-6-6V86c0-3.3 2.7-6 6-6h404c3.3 0 6 2.7 6 6v340zM356.5 194.6L295.1 256l61.4 61.4c4.6 4.6 4.6 12.1 0 16.8l-22.3 22.3c-4.6 4.6-12.1 4.6-16.8 0L256 295.1l-61.4 61.4c-4.6 4.6-12.1 4.6-16.8 0l-22.3-22.3c-4.6-4.6-4.6-12.1 0-16.8l61.4-61.4-61.4-61.4c-4.6-4.6-4.6-12.1 0-16.8l22.3-22.3c4.6-4.6 12.1-4.6 16.8 0l61.4 61.4 61.4-61.4c4.6-4.6 12.1-4.6 16.8 0l22.3 22.3c4.7 4.6 4.7 12.1 0 16.8z&quot;&gt;&lt;\/path&gt;&lt;\/svg&gt;\" data-full-width=\"yes\">\n\t\t\t\t\t<ul id=\"menu-1-e1497ad\" class=\"hfe-nav-menu\"><li id=\"menu-item-27\" class=\"menu-item menu-item-type-post_type menu-item-object-page menu-item-home parent hfe-creative-menu\"><a href=\"https:\/\/judithclaudin.com\/\" class = \"hfe-menu-item\">Accueil<\/a><\/li>\n<li id=\"menu-item-26\" class=\"menu-item menu-item-type-post_type menu-item-object-page parent hfe-creative-menu\"><a href=\"https:\/\/judithclaudin.com\/?page_id=13\" class = \"hfe-menu-item\">Pr\u00e9sentation<\/a><\/li>\n<li id=\"menu-item-24\" class=\"menu-item menu-item-type-post_type menu-item-object-page parent hfe-creative-menu\"><a href=\"https:\/\/judithclaudin.com\/?page_id=17\" class = \"hfe-menu-item\">Contact<\/a><\/li>\n<li id=\"menu-item-25\" class=\"menu-item menu-item-type-post_type menu-item-object-page parent hfe-creative-menu\"><a href=\"https:\/\/judithclaudin.com\/?page_id=15\" class = \"hfe-menu-item\">Portfolio<\/a><\/li>\n<\/ul> \n\t\t\t\t<\/nav>\n\t\t\t<\/div>\n\t\t\t\t\t\t\t<\/div>\n\t\t\t\t<\/div>\n\t\t\t\t\t<\/div>\n\t\t\t\t<\/div>\n\t\t<div class=\"elementor-element elementor-element-e72a7f6 e-flex e-con-boxed e-con e-parent\" data-id=\"e72a7f6\" data-element_type=\"container\" data-settings=\"{&quot;background_background&quot;:&quot;classic&quot;}\">\n\t\t\t\t\t<div class=\"e-con-inner\">\n\t\t\t\t<div class=\"elementor-element elementor-element-4a88df7 elementor-widget elementor-widget-image\" data-id=\"4a88df7\" data-element_type=\"widget\" data-widget_type=\"image.default\">\n\t\t\t\t\t\t\t\t\t\t\t\t\t\t\t<img fetchpriority=\"high\" decoding=\"async\" width=\"300\" height=\"300\" src=\"https:\/\/judithclaudin.com\/wp-content\/uploads\/2025\/12\/logo-judith-claudin-1-300x300.png\" class=\"attachment-medium size-medium wp-image-86\" alt=\"\" srcset=\"https:\/\/judithclaudin.com\/wp-content\/uploads\/2025\/12\/logo-judith-claudin-1-300x300.png 300w, https:\/\/judithclaudin.com\/wp-content\/uploads\/2025\/12\/logo-judith-claudin-1-150x150.png 150w, https:\/\/judithclaudin.com\/wp-content\/uploads\/2025\/12\/logo-judith-claudin-1.png 500w\" sizes=\"(max-width: 300px) 100vw, 300px\" \/>\t\t\t\t\t\t\t\t\t\t\t\t\t\t\t<\/div>\n\t\t\t\t\t<\/div>\n\t\t\t\t<\/div>\n\t\t<div class=\"elementor-element elementor-element-eb36df4 e-flex e-con-boxed e-con e-parent\" data-id=\"eb36df4\" data-element_type=\"container\" data-settings=\"{&quot;background_background&quot;:&quot;classic&quot;}\">\n\t\t\t\t\t<div class=\"e-con-inner\">\n\t\t\t\t<div class=\"elementor-element elementor-element-3f9315d elementor-widget elementor-widget-text-editor\" data-id=\"3f9315d\" data-element_type=\"widget\" data-widget_type=\"text-editor.default\">\n\t\t\t\t\t\t\t\t\t<p>Besoin d&rsquo;une int\u00e9gratrice de contenus web? Bienvenue!<\/p><p>Int\u00e9gratrice de contenus web, je construis des sites WordPress sur mesure. Je vous invite donc mes chers visiteurs \u00e0 d\u00e9couvrir mon univers \u00e0 travers mes projets de cr\u00e9ations de sites WordPress.<\/p>\t\t\t\t\t\t\t\t<\/div>\n\t\t\t\t\t<\/div>\n\t\t\t\t<\/div>\n\t\t<div class=\"elementor-element elementor-element-13c998d e-flex e-con-boxed e-con e-parent\" data-id=\"13c998d\" data-element_type=\"container\" data-settings=\"{&quot;background_background&quot;:&quot;classic&quot;}\">\n\t\t\t\t\t<div class=\"e-con-inner\">\n\t\t\t\t<div class=\"elementor-element elementor-element-5d76b37 elementor-widget elementor-widget-shortcode\" data-id=\"5d76b37\" data-element_type=\"widget\" data-widget_type=\"shortcode.default\">\n\t\t\t\t\t\t\t<div class=\"elementor-shortcode\"><div class=\"rt-container-fluid tlp-portfolio tlp-portfolio-container\" id=\"tlp-portfolio-container-291\" data-layout=\"layout1\"><div class=\"rt-row layout1 \" data-title='Loading ...'>\r\n<div class=\"tlp-col-md-4 tlp-col-sm-6 tlp-col-xs-12 tlp-single-item tlp-grid-item tlp-equal-height\">\r\n\t<div class=\"tlp-portfolio-item\">\r\n\t\t\t\t\t\t\t\t\t<div class=\"tlp-portfolio-thum tlp-item\">\r\n\t\t\t<img decoding=\"async\" width=\"300\" height=\"144\" src=\"https:\/\/judithclaudin.com\/wp-content\/uploads\/2025\/12\/Medit-300x144.png\" class=\"img-responsive\" alt=\"\" \/>\r\n\t\t\t<div class=\"tlp-overlay\">\r\n\t\t\t\t<p class=\"link-icon\">\r\n\t\t\t\t\t<a class=\"tlp-zoom\" href=\"https:\/\/judithclaudin.com\/wp-content\/uploads\/2025\/12\/Medit.png\" aria-label=\"Med.It\"><i class=\"demo-icon icon-zoom-in\"><\/i><\/a>\r\n\t\t\t\t\t<a href=\"https:\/\/judithclaudin.com\/?portfolio=med-it\" aria-label=\"Med.It\"><i class=\"demo-icon icon-link-ext\"><\/i><\/a>\r\n\t\t\t\t<\/p>\r\n\t\t\t<\/div>\r\n\t\t<\/div><div class=\"tlp-content\">\r\n                        <div class=\"tlp-content-holder\">\r\n                            <h3><a href=\"https:\/\/judithclaudin.com\/?portfolio=med-it\" aria-label=\"Med.It\">Med.It<\/a><\/h3>\r\n                            <div class=\"extra-features\"> <div class=\"tlp-portfolio-sd\">La PME MedIT, sp\u00e9cialis\u00e9e dans les syst\u00e8mes informatiques sur mesure pour le secteur m\u00e9dical, fait appel \u00e0 moi en urgence pour r\u00e9parer son site.  \u00c0 cette occasion, le responsable du marketing digital, a voulu mettre le site \u00e0 jour. La liste des probl\u00e8mes \u00e9taient les suivants: La modification de la page d\u2019accueil avec Elementor ne fonctionnait plus (chargement infini).\r\nLa popup qu'il a voulu mettre en place ne se fermait pas correctement.\r\nLe formulaire qui devait s\u2019afficher dans la popup ne s\u2019affichait pas.\r\nLe lien Google Maps dans le bloc \u201clieu\u201d de la popup ne fonctionnait pas.\r\nLe bouton de contact dans le menu n\u2019\u00e9tait pas positionn\u00e9 correctement.\r\n\r\nPour r\u00e9parer le site, j'ai clon\u00e9 le site en local, remis le site en \u00e9tat de marche, pr\u00e9par\u00e9 le cahier de recette, corrig\u00e9 l'erreur d'\u00e9dition Elementor, corrig\u00e9 les 3 bugs de la modale et le positionnement du bouton de contact dans le menu, pour finir j'ai expliqu\u00e9 le principe des tests au responsable marketing.\r\n<\/div> <\/div>\r\n                        <\/div>\r\n                    <\/div>\t<\/div>\r\n<\/div>\r\n\r\n\r\n<div class=\"tlp-col-md-4 tlp-col-sm-6 tlp-col-xs-12 tlp-single-item tlp-grid-item tlp-equal-height\">\r\n\t<div class=\"tlp-portfolio-item\">\r\n\t\t\t\t\t\t\t\t\t<div class=\"tlp-portfolio-thum tlp-item\">\r\n\t\t\t<img decoding=\"async\" width=\"300\" height=\"143\" src=\"https:\/\/judithclaudin.com\/wp-content\/uploads\/2025\/12\/Koukaki-300x143.png\" class=\"img-responsive\" alt=\"\" \/>\r\n\t\t\t<div class=\"tlp-overlay\">\r\n\t\t\t\t<p class=\"link-icon\">\r\n\t\t\t\t\t<a class=\"tlp-zoom\" href=\"https:\/\/judithclaudin.com\/wp-content\/uploads\/2025\/12\/Koukaki.png\" aria-label=\"Koukaki\"><i class=\"demo-icon icon-zoom-in\"><\/i><\/a>\r\n\t\t\t\t\t<a href=\"https:\/\/judithclaudin.com\/?portfolio=koukaki\" aria-label=\"Koukaki\"><i class=\"demo-icon icon-link-ext\"><\/i><\/a>\r\n\t\t\t\t<\/p>\r\n\t\t\t<\/div>\r\n\t\t<\/div><div class=\"tlp-content\">\r\n                        <div class=\"tlp-content-holder\">\r\n                            <h3><a href=\"https:\/\/judithclaudin.com\/?portfolio=koukaki\" aria-label=\"Koukaki\">Koukaki<\/a><\/h3>\r\n                            <div class=\"extra-features\"> <div class=\"tlp-portfolio-sd\">L'agence sp\u00e9cialis\u00e9e dans le d\u00e9veloppement de th\u00e8mes personnalis\u00e9s, MyCustomiWP m'avait demand\u00e9 de rendre dynamique le site du studio d'animation Koukaki qui est statique. Pour mener \u00e0 bien ce projet, il fallait respecter la maquette et le prototype r\u00e9alis\u00e9s par l'UX Designer pour pouvoir visualiser les animations demand\u00e9s par le studio Koukaki.\r\nPour rendre dynamique ce site, j'ai du analyser les t\u00e2ches \u00e0 r\u00e9aliser, modifier l'affichage g\u00e9n\u00e9ral du site, ajouter la vid\u00e9o dans le hero header, animer les personnages avec le carrousel Javascript, animer les \u00e9l\u00e9ments d'interface du lieu, dynamiser le menu du site et j'ai finalis\u00e9 les livrables.<\/div> <\/div>\r\n                        <\/div>\r\n                    <\/div>\t<\/div>\r\n<\/div>\r\n\r\n\r\n<div class=\"tlp-col-md-4 tlp-col-sm-6 tlp-col-xs-12 tlp-single-item tlp-grid-item tlp-equal-height\">\r\n\t<div class=\"tlp-portfolio-item\">\r\n\t\t\t\t\t\t\t\t\t<div class=\"tlp-portfolio-thum tlp-item\">\r\n\t\t\t<img loading=\"lazy\" decoding=\"async\" width=\"300\" height=\"143\" src=\"https:\/\/judithclaudin.com\/wp-content\/uploads\/2025\/12\/Chic-Dressing-300x143.png\" class=\"img-responsive\" alt=\"\" \/>\r\n\t\t\t<div class=\"tlp-overlay\">\r\n\t\t\t\t<p class=\"link-icon\">\r\n\t\t\t\t\t<a class=\"tlp-zoom\" href=\"https:\/\/judithclaudin.com\/wp-content\/uploads\/2025\/12\/Chic-Dressing.png\" aria-label=\"Chic Dressing\"><i class=\"demo-icon icon-zoom-in\"><\/i><\/a>\r\n\t\t\t\t\t<a href=\"https:\/\/judithclaudin.com\/?portfolio=chic-dressing\" aria-label=\"Chic Dressing\"><i class=\"demo-icon icon-link-ext\"><\/i><\/a>\r\n\t\t\t\t<\/p>\r\n\t\t\t<\/div>\r\n\t\t<\/div><div class=\"tlp-content\">\r\n                        <div class=\"tlp-content-holder\">\r\n                            <h3><a href=\"https:\/\/judithclaudin.com\/?portfolio=chic-dressing\" aria-label=\"Chic Dressing\">Chic Dressing<\/a><\/h3>\r\n                            <div class=\"extra-features\"> <div class=\"tlp-portfolio-sd\">Pour l'optimisation du site Chic Dressing (boutique sp\u00e9cialis\u00e9e dans la vente de v\u00eatements et d\u2019accessoires de luxe de seconde main), j'ai \u00e9t\u00e9 charg\u00e9e d\u2019analyser les performances et de proposer des axes d\u2019am\u00e9lioration, principalement centr\u00e9s sur le SEO et l\u2019accessibilit\u00e9. Pour finir, j'ai du r\u00e9aliser un rapport de diagnostic sur Google Lighthouse.\r\nPour mettre en place l'optmisation du site, j'ai install\u00e9 le le site en local, optmis\u00e9 les performances, le SEO et l'accessibilit\u00e9 et r\u00e9alis\u00e9 un diagnostic post-optmisation.<\/div> <\/div>\r\n                        <\/div>\r\n                    <\/div>\t<\/div>\r\n<\/div>\r\n\r\n\r\n<div class=\"tlp-col-md-4 tlp-col-sm-6 tlp-col-xs-12 tlp-single-item tlp-grid-item tlp-equal-height\">\r\n\t<div class=\"tlp-portfolio-item\">\r\n\t\t\t\t\t\t\t\t\t<div class=\"tlp-portfolio-thum tlp-item\">\r\n\t\t\t<img loading=\"lazy\" decoding=\"async\" width=\"300\" height=\"144\" src=\"https:\/\/judithclaudin.com\/wp-content\/uploads\/2025\/12\/Planty-300x144.png\" class=\"img-responsive\" alt=\"\" \/>\r\n\t\t\t<div class=\"tlp-overlay\">\r\n\t\t\t\t<p class=\"link-icon\">\r\n\t\t\t\t\t<a class=\"tlp-zoom\" href=\"https:\/\/judithclaudin.com\/wp-content\/uploads\/2025\/12\/Planty.png\" aria-label=\"Planty\"><i class=\"demo-icon icon-zoom-in\"><\/i><\/a>\r\n\t\t\t\t\t<a href=\"https:\/\/judithclaudin.com\/?portfolio=planty\" aria-label=\"Planty\"><i class=\"demo-icon icon-link-ext\"><\/i><\/a>\r\n\t\t\t\t<\/p>\r\n\t\t\t<\/div>\r\n\t\t<\/div><div class=\"tlp-content\">\r\n                        <div class=\"tlp-content-holder\">\r\n                            <h3><a href=\"https:\/\/judithclaudin.com\/?portfolio=planty\" aria-label=\"Planty\">Planty<\/a><\/h3>\r\n                            <div class=\"extra-features\"> <div class=\"tlp-portfolio-sd\">Pour la cr\u00e9ation de mon site vitrine Planty (marques de boissons \u00e9nergisantes), je devais d\u00e9finir le th\u00e8me de base et les extensions pour r\u00e9pondre \u00e0 la demande du client et respecter la maquette qui a \u00e9t\u00e9 r\u00e9alis\u00e9e par le designer UI.  Par la suite, je devais cr\u00e9er le lien Admin qui est cens\u00e9 s'afficher lorsque l'internaute se connecte sur le site Planty. Pour cela,  j'ai du utilis\u00e9 un hook. \r\nPour la r\u00e9alisation de mon site, j'ai du installer le th\u00e8me Astra et pour la gestion des pages j'ai utilis\u00e9 le theme builder Elementor et utilis\u00e9 les extensions ci-dessous pour r\u00e9pondre aux demandes du client.\r\n<\/div> <\/div>\r\n                        <\/div>\r\n                    <\/div>\t<\/div>\r\n<\/div>\r\n\r\n\r\n<div class=\"tlp-col-md-4 tlp-col-sm-6 tlp-col-xs-12 tlp-single-item tlp-grid-item tlp-equal-height\">\r\n\t<div class=\"tlp-portfolio-item\">\r\n\t\t\t\t\t\t\t\t\t<div class=\"tlp-portfolio-thum tlp-item\">\r\n\t\t\t<img loading=\"lazy\" decoding=\"async\" width=\"300\" height=\"141\" src=\"https:\/\/judithclaudin.com\/wp-content\/uploads\/2025\/12\/Simpl-Vintage-300x141.png\" class=\"img-responsive\" alt=\"\" \/>\r\n\t\t\t<div class=\"tlp-overlay\">\r\n\t\t\t\t<p class=\"link-icon\">\r\n\t\t\t\t\t<a class=\"tlp-zoom\" href=\"https:\/\/judithclaudin.com\/wp-content\/uploads\/2025\/12\/Simpl-Vintage.png\" aria-label=\"Simpl Vintage\"><i class=\"demo-icon icon-zoom-in\"><\/i><\/a>\r\n\t\t\t\t\t<a href=\"https:\/\/judithclaudin.com\/?portfolio=simpl-vintage\" aria-label=\"Simpl Vintage\"><i class=\"demo-icon icon-link-ext\"><\/i><\/a>\r\n\t\t\t\t<\/p>\r\n\t\t\t<\/div>\r\n\t\t<\/div><div class=\"tlp-content\">\r\n                        <div class=\"tlp-content-holder\">\r\n                            <h3><a href=\"https:\/\/judithclaudin.com\/?portfolio=simpl-vintage\" aria-label=\"Simpl Vintage\">Simpl Vintage<\/a><\/h3>\r\n                            <div class=\"extra-features\"> <div class=\"tlp-portfolio-sd\">L'entreprise Empreinte pour laquelle j'ai travaill\u00e9 m'a demand\u00e9 de cr\u00e9er un site Internet pour son showroom tout en respectant le cahier de charges qui m'a \u00e9t\u00e9 fourni. Je devais trouver un th\u00e8me de base, installer des extensions et respecter les sp\u00e9cifications fonctionnelles de chacune de ces pages.\r\nPour la cr\u00e9ation de mon site Internet Simpl Vintage,  j'ai utilis\u00e9 le cahier des charges qui contient les wireframes des pages accueil, galerie,  actualit\u00e9s, la page d\u2019article seul, la page de contact et tout \u00e7a sans coder. J'ai utilis\u00e9 le th\u00e8me Ocean WP et cr\u00e9e un th\u00e8me enfant avec l'extension Child Theme Configurator. J'ai \u00e9galement utilis\u00e9 les extensions cit\u00e9es ci-dessous pour la cr\u00e9ation du site.<\/div> <\/div>\r\n                        <\/div>\r\n                    <\/div>\t<\/div>\r\n<\/div>\r\n\r\n<\/div><\/div><\/div>\n\t\t\t\t\t\t<\/div>\n\t\t\t\t\t<\/div>\n\t\t\t\t<\/div>\n\t\t<div class=\"elementor-element elementor-element-ec82b29 e-flex e-con-boxed e-con e-parent\" data-id=\"ec82b29\" data-element_type=\"container\" data-settings=\"{&quot;background_background&quot;:&quot;classic&quot;}\">\n\t\t\t\t\t<div class=\"e-con-inner\">\n\t\t\t\t\t<\/div>\n\t\t\t\t<\/div>\n\t\t<div class=\"elementor-element elementor-element-eb81fcb e-flex e-con-boxed e-con e-parent\" data-id=\"eb81fcb\" data-element_type=\"container\" data-settings=\"{&quot;background_background&quot;:&quot;classic&quot;}\">\n\t\t\t\t\t<div class=\"e-con-inner\">\n\t\t\t\t\t<\/div>\n\t\t\t\t<\/div>\n\t\t<div class=\"elementor-element elementor-element-03a1f92 e-flex e-con-boxed e-con e-parent\" data-id=\"03a1f92\" data-element_type=\"container\" data-settings=\"{&quot;background_background&quot;:&quot;classic&quot;}\">\n\t\t\t\t\t<div class=\"e-con-inner\">\n\t\t\t\t\t<\/div>\n\t\t\t\t<\/div>\n\t\t\t\t<\/div>\n\t\t","protected":false},"excerpt":{"rendered":"<p>Menu Accueil Pr\u00e9sentation Contact Portfolio Besoin d&rsquo;une int\u00e9gratrice de contenus web? Bienvenue! Int\u00e9gratrice de contenus web, je construis des sites WordPress sur mesure. Je vous invite donc mes chers visiteurs \u00e0 d\u00e9couvrir mon univers \u00e0 travers mes projets de cr\u00e9ations de sites WordPress.<\/p>\n","protected":false},"author":1,"featured_media":0,"parent":0,"menu_order":0,"comment_status":"closed","ping_status":"closed","template":"elementor_header_footer","meta":{"_acf_changed":false,"footnotes":""},"class_list":["post-15","page","type-page","status-publish","hentry"],"acf":[],"_links":{"self":[{"href":"https:\/\/judithclaudin.com\/index.php?rest_route=\/wp\/v2\/pages\/15","targetHints":{"allow":["GET"]}}],"collection":[{"href":"https:\/\/judithclaudin.com\/index.php?rest_route=\/wp\/v2\/pages"}],"about":[{"href":"https:\/\/judithclaudin.com\/index.php?rest_route=\/wp\/v2\/types\/page"}],"author":[{"embeddable":true,"href":"https:\/\/judithclaudin.com\/index.php?rest_route=\/wp\/v2\/users\/1"}],"replies":[{"embeddable":true,"href":"https:\/\/judithclaudin.com\/index.php?rest_route=%2Fwp%2Fv2%2Fcomments&post=15"}],"version-history":[{"count":64,"href":"https:\/\/judithclaudin.com\/index.php?rest_route=\/wp\/v2\/pages\/15\/revisions"}],"predecessor-version":[{"id":294,"href":"https:\/\/judithclaudin.com\/index.php?rest_route=\/wp\/v2\/pages\/15\/revisions\/294"}],"wp:attachment":[{"href":"https:\/\/judithclaudin.com\/index.php?rest_route=%2Fwp%2Fv2%2Fmedia&parent=15"}],"curies":[{"name":"wp","href":"https:\/\/api.w.org\/{rel}","templated":true}]}}